{"id":1648,"date":"2023-11-23T14:00:10","date_gmt":"2023-11-23T14:00:10","guid":{"rendered":"https:\/\/rezendecomunicacao.com.br\/?page_id=1648"},"modified":"2025-01-08T04:43:31","modified_gmt":"2025-01-08T07:43:31","slug":"gestao-de-redes-sociais","status":"publish","type":"page","link":"https:\/\/rezendecomunicacao.com.br\/index.php\/gestao-de-redes-sociais\/","title":{"rendered":"Gest\u00e3o de Redes Sociais"},"content":{"rendered":"<div class=\"brz-root__container brz-reset-all\">\n<section data-uid=\"rtesbqjfuqtxhikgisduggiwwbumqvbkbadi\" id=\"rtesbqjfuqtxhikgisduggiwwbumqvbkbadi\" class=\"brz-section brz-css-wlsoe\">\n<div class=\"brz-section__content brz-section--boxed brz-css-brqcx brz-css-zuaae\" data-custom-id=\"ghjzsboflxmzsscexwkkgxtcqcjcjpdpvaqk\">\n<div class=\"brz-bg overflow-hidden !z-auto absolute top-0 left-0 w-full h-full\">\n<div class=\"brz-bg-color absolute top-0 left-0 w-full h-full\"><\/div>\n<\/div>\n<div class=\"brz-container brz-css-pnsei brz-css-wnzbu\">\n<div class=\"brz-row__container brz-css-kgtqx\" data-custom-id=\"mrtmtazljnhsqqootwjeihsqqxjepqcasugu\">\n<div class=\"brz-bg overflow-hidden !z-auto absolute top-0 left-0 w-full h-full\"><\/div>\n<div class=\"brz-row brz-css-uaiwp\">\n<div class=\"brz-columns brz-css-fxgzd brz-css-vrgxn\" data-custom-id=\"mjcrvpkjxfcpvvghfkgeyjmnkxdcdizrejuy\">\n<div class=\"brz-bg overflow-hidden !z-auto absolute top-0 left-0 w-full h-full\"><\/div>\n<div class=\"brz-column__items brz-css-qopdu\">\n<div class=\"brz-css-bhexe brz-css-wlydq brz-wrapper\">\n<div class=\"brz-image brz-css-jrknz\" data-custom-id=\"rimdodmegdtnqecmhofhiczgejgkgztxihhi\"><img decoding=\"async\" class=\"brz-img\" src=\"https:\/\/rezendecomunicacao.com.br\/wp-content\/uploads\/2023\/10\/logo_rezende_comunicacao.png\" alt=\"\" loading=\"lazy\"><\/div>\n<\/div>\n<\/div>\n<\/div>\n<div class=\"brz-columns brz-css-fxgzd brz-css-tmcyr\" data-custom-id=\"qkelheraxdnuvnxfxsphrdtvxmqcenryfzdu\">\n<div class=\"brz-bg overflow-hidden !z-auto absolute top-0 left-0 w-full h-full\"><\/div>\n<div class=\"brz-column__items brz-css-qopdu\">\n<div class=\"brz-wrapper-clone brz-css-paldu brz-css-dzbif\">\n<div class=\"brz-d-xs-flex brz-flex-xs-wrap brz-css-cxjax\">\n<div class=\"brz-wrapper-clone__item brz-css-kgkst\" id=\"vqwchfyggudfdjyocmmfngkmazlnzejuahyd\"><a class=\"brz-a brz-btn brz-css-btwjj brz-css-mstxf\" href=\"https:\/\/rezendecomunicacao.com.br\/\" target=\"_self\" rel=\"noopener\" data-brz-link-type=\"external\" data-custom-id=\"vqwchfyggudfdjyocmmfngkmazlnzejuahyd\"><span class=\"brz-span brz-text__editor\">Quem Somos<\/span><\/a><\/div>\n<\/div>\n<\/div>\n<\/div>\n<\/div>\n<div class=\"brz-columns brz-css-fxgzd brz-css-gvyri\" data-custom-id=\"vlxgjujqnvehkzamzomttpmhjgawcexktuje\">\n<div class=\"brz-bg overflow-hidden !z-auto absolute top-0 left-0 w-full h-full\"><\/div>\n<div class=\"brz-column__items brz-css-qopdu\">\n<div class=\"brz-wrapper-clone brz-css-paldu brz-css-sicxt\">\n<div class=\"brz-d-xs-flex brz-flex-xs-wrap brz-css-cxjax\">\n<div class=\"brz-wrapper-clone__item brz-css-kgkst\" id=\"ojjbrlvdmmawrtwaqlsvairmwynubgodobor\"><a class=\"brz-a brz-anchor brz-btn brz-css-btwjj brz-css-swwod\" href=\"#slltmhfzsifhccdninzsgnwgibwnprobbgqj\" target=\"_self\" rel=\"noopener\" data-brz-link-type=\"anchor\" data-custom-id=\"ojjbrlvdmmawrtwaqlsvairmwynubgodobor\"><span class=\"brz-span brz-text__editor\">Solicitar Or\u00e7amento<\/span><\/a><\/div>\n<\/div>\n<\/div>\n<\/div>\n<\/div>\n<\/div>\n<\/div>\n<div class=\"brz-css-bhexe brz-css-igsfn brz-wrapper\">\n<div class=\"brz-spacer brz-css-dwpug brz-css-ixvpy\"><\/div>\n<\/div>\n<div class=\"brz-css-bhexe brz-css-xlfzf brz-wrapper\">\n<div class=\"brz-rich-text brz-rich-text__custom brz-css-fkikj\" data-custom-id=\"udtulqcargpkivmgilqpeuuofrgtmmcnxzaj\">\n<div>\n<h2 class=\"brz-lh-lg-1_2 brz-ls-lg-0_5 brz-fw-lg-400 brz-fss-lg-px brz-fs-lg-50 brz-ft-google brz-ff-fira_sans brz-tp-lg-empty brz-text-lg-center brz-text-sm-center brz-fss-xs-px brz-fw-xs-400 brz-ls-xs-0_5 brz-lh-xs-1_2 brz-tp-xs-empty brz-fs-xs-40 brz-css-nekrw\" data-generated-css=\"brz-css-afxcl\" data-uniq-id=\"drqzd\"><strong>Esteja onde os seus clientes est\u00e3o:<\/strong><\/h2>\n<h2 class=\"brz-lh-lg-1_2 brz-ls-lg-0_5 brz-fw-lg-400 brz-fss-lg-px brz-fs-lg-50 brz-ft-google brz-ff-fira_sans brz-tp-lg-empty brz-text-lg-center brz-text-sm-center brz-fss-xs-px brz-fw-xs-400 brz-ls-xs-0_5 brz-lh-xs-1_2 brz-tp-xs-empty brz-fs-xs-40 brz-css-xrtbq\" data-generated-css=\"brz-css-mqgfc\" data-uniq-id=\"zrspz\"><strong>nas redes sociais <\/strong><\/h2>\n<\/div>\n<\/div>\n<\/div>\n<div class=\"brz-css-bhexe brz-css-igsfn brz-css-nisyt brz-wrapper\">\n<div class=\"brz-spacer brz-css-dwpug brz-css-oqkbn\"><\/div>\n<\/div>\n<div class=\"brz-wrapper-clone brz-css-paldu brz-css-qpypg\">\n<div class=\"brz-d-xs-flex brz-flex-xs-wrap brz-css-cxjax\">\n<div class=\"brz-wrapper-clone__item brz-css-kgkst\" id=\"dfenhbjopplrlffeeiswebfxflaegxzobowz\"><a class=\"brz-a brz-anchor brz-btn brz-css-btwjj brz-css-lntvx\" href=\"#slltmhfzsifhccdninzsgnwgibwnprobbgqj\" target=\"_self\" rel=\"noopener\" data-brz-link-type=\"anchor\" data-custom-id=\"dfenhbjopplrlffeeiswebfxflaegxzobowz\"><span class=\"brz-span brz-text__editor\">Quero contratar a gest\u00e3o de redes sociais<\/span><\/a><\/div>\n<\/div>\n<\/div>\n<div class=\"brz-css-bhexe brz-css-igsfn brz-wrapper\">\n<div class=\"brz-spacer brz-css-dwpug brz-css-ieygk\"><\/div>\n<\/div>\n<div class=\"brz-css-bhexe brz-css-igsfn brz-css-wdfrf brz-wrapper\">\n<div class=\"brz-spacer brz-css-dwpug brz-css-kfeci\"><\/div>\n<\/div>\n<div class=\"brz-css-bhexe brz-css-spyoh brz-wrapper\">\n<div class=\"brz-rich-text brz-rich-text__custom brz-css-fkikj\" data-custom-id=\"hvtotrcahzgeebnfxasuusyahqqyleridrle\">\n<div>\n<p class=\"brz-text-lg-center brz-tp-lg-empty brz-ff-fira_sans brz-ft-google brz-fs-lg-16 brz-fss-lg-px brz-fw-lg-400 brz-ls-lg-0_5 brz-lh-lg-2 brz-css-poutr\" data-uniq-id=\"fnyml\" data-generated-css=\"brz-css-nzfeo\"><span class=\"brz-cp-color7\">S\u00e3o nossos clientes:<\/span><\/p>\n<\/div>\n<\/div>\n<\/div>\n<div class=\"brz-row__container brz-css-kgtqx brz-css-bghhb\" data-custom-id=\"dmuqjuawfozrbzznqgjalgplcgymmtasanrg\">\n<div class=\"brz-bg overflow-hidden !z-auto absolute top-0 left-0 w-full h-full\"><\/div>\n<div class=\"brz-row brz-css-uaiwp brz-css-tszxo\">\n<div class=\"brz-columns brz-css-fxgzd brz-css-mgont\" data-custom-id=\"huaiwtmwdcmrnoipxbtavzcahfqkjxkrjoyp\">\n<div class=\"brz-bg overflow-hidden !z-auto absolute top-0 left-0 w-full h-full\"><\/div>\n<div class=\"brz-column__items brz-css-qopdu brz-css-tiebw\">\n<div class=\"brz-css-bhexe brz-css-mytuh brz-wrapper\">\n<div class=\"brz-image brz-css-clouz\" data-custom-id=\"ubfrhakvokdlupcuevqamiounpgdezrburqz\"><img decoding=\"async\" class=\"brz-img\" src=\"https:\/\/rezendecomunicacao.com.br\/wp-content\/uploads\/2023\/11\/precisao-1.png\" alt=\"\" loading=\"lazy\"><\/div>\n<\/div>\n<\/div>\n<\/div>\n<div class=\"brz-columns brz-css-fxgzd brz-css-bbqnu\" data-custom-id=\"nagiyvtwxxejurmmdmyrezpzishwvaaavduv\">\n<div class=\"brz-column__items brz-css-qopdu brz-css-oiera\">\n<div class=\"brz-css-bhexe brz-css-lypwn brz-wrapper\">\n<div class=\"brz-image brz-css-njpka\" data-custom-id=\"cyebuwxuvgroakhalzufyvyokirtrylkbdmi\"><img decoding=\"async\" class=\"brz-img\" src=\"https:\/\/rezendecomunicacao.com.br\/wp-content\/uploads\/2023\/11\/ferreiraandrade.png\" alt=\"\" loading=\"lazy\"><\/div>\n<\/div>\n<\/div>\n<\/div>\n<div class=\"brz-columns brz-css-fxgzd brz-css-dnaqe\" data-custom-id=\"gkycztyonikffezpzyexyxacczrrqehnonvl\">\n<div class=\"brz-bg overflow-hidden !z-auto absolute top-0 left-0 w-full h-full\"><\/div>\n<div class=\"brz-column__items brz-css-qopdu\">\n<div class=\"brz-css-bhexe brz-wrapper\">\n<div class=\"brz-image brz-css-fueao\" data-custom-id=\"cyojniocrrzuvvhvozkqewdupotluwoykibe\"><img decoding=\"async\" class=\"brz-img\" src=\"https:\/\/rezendecomunicacao.com.br\/wp-content\/uploads\/2023\/10\/JVS-Solar.png\" alt=\"\" loading=\"lazy\"><\/div>\n<\/div>\n<\/div>\n<\/div>\n<div class=\"brz-columns brz-css-fxgzd brz-css-wjyvh\" data-custom-id=\"pvxbnoqvswmtdzsvueaajvjfuswuxljgwjsf\">\n<div class=\"brz-column__items brz-css-qopdu brz-css-tktds\">\n<div class=\"brz-css-bhexe brz-wrapper\">\n<div class=\"brz-image brz-css-ydcnl\" data-custom-id=\"yzwujsbmonxonjeiswhvqjjnwxfmyjlxyvwj\"><img decoding=\"async\" class=\"brz-img\" src=\"https:\/\/rezendecomunicacao.com.br\/wp-content\/uploads\/2023\/11\/vh2.png\" alt=\"\" loading=\"lazy\"><\/div>\n<\/div>\n<\/div>\n<\/div>\n<\/div>\n<\/div>\n<\/div>\n<\/div>\n<\/section>\n<section data-uid=\"zvcqlkotajxskzoxortxtlmcddichcfnannn\" id=\"zvcqlkotajxskzoxortxtlmcddichcfnannn\" class=\"brz-section brz-css-wlsoe\">\n<div class=\"brz-section__content brz-section--boxed brz-css-brqcx brz-css-dnovp\" data-custom-id=\"pllfjqfszemyfsbloqqtcckibvpzdxahrgth\">\n<div class=\"brz-bg overflow-hidden !z-auto absolute top-0 left-0 w-full h-full\">\n<div class=\"brz-bg-image absolute left-0 w-full bg-no-repeat top-0 h-full bg-cover\"><\/div>\n<\/div>\n<div class=\"brz-container brz-css-pnsei brz-css-nwkey\">\n<div class=\"brz-row__container brz-css-kgtqx\" data-custom-id=\"emhkrpkavbwjfrifvpoczjbacklygzdyfyoj\">\n<div class=\"brz-bg overflow-hidden !z-auto absolute top-0 left-0 w-full h-full\"><\/div>\n<div class=\"brz-row brz-css-uaiwp brz-css-amkrm\">\n<div class=\"brz-columns brz-css-fxgzd\" data-custom-id=\"izjtrbimcvcqycqweljjyhtohzitgdnirvmu\">\n<div class=\"brz-bg overflow-hidden !z-auto absolute top-0 left-0 w-full h-full\"><\/div>\n<div class=\"brz-column__items brz-css-qopdu brz-css-jbeuz\">\n<div class=\"brz-css-bhexe brz-wrapper\">\n<div class=\"brz-rich-text brz-rich-text__custom brz-css-fkikj\" data-custom-id=\"fkjyilseefhwqozmfwzlhgpeomamzryeehxa\">\n<div>\n<h2 class=\"brz-text-lg-justify brz-lh-lg-1_2 brz-ls-lg-0 brz-fw-lg-400 brz-fss-lg-px brz-fs-lg-50 brz-ft-google brz-ff-fira_sans brz-tp-lg-empty brz-mb-lg-10 brz-text-xs-center brz-mb-sm-5 brz-fss-xs-px brz-fw-xs-400 brz-ls-xs-0 brz-lh-xs-1_2 brz-tp-xs-empty brz-fs-xs-40 brz-css-ypori\" data-generated-css=\"brz-css-fdnlq\" data-uniq-id=\"lpuze\"><strong>Alcance o p\u00fablico certo nas redes sociais<\/strong><\/h2>\n<\/div>\n<\/div>\n<\/div>\n<div class=\"brz-css-bhexe brz-wrapper\">\n<div class=\"brz-rich-text brz-rich-text__custom brz-css-fkikj\" data-custom-id=\"qrvutnyhnfbqpzefndanwyvomrhpsodroqod\">\n<div>\n<p class=\"brz-text-lg-justify brz-lh-lg-2 brz-ls-lg-0 brz-fw-lg-400 brz-fss-lg-px brz-fs-lg-16 brz-ft-google brz-ff-fira_sans brz-tp-lg-empty brz-text-xs-center brz-css-eaynp\" data-generated-css=\"brz-css-vosoa\" data-uniq-id=\"hjogw\"><strong>Nos dias de hoje, \u00e9 essencial ampliar a presen\u00e7a digital nas redes sociais, tendo em vista que \u00e9 onde potenciais clientes passam boa parte de seu tempo. Venha j\u00e1 para a Rezende Comunica\u00e7\u00e3o e n\u00e3o fique de fora dessa revolu\u00e7\u00e3o digital! <\/strong><\/p>\n<\/div>\n<\/div>\n<\/div>\n<div class=\"brz-css-bhexe brz-css-igsfn brz-wrapper\">\n<div class=\"brz-spacer brz-css-dwpug brz-css-hqidg\"><\/div>\n<\/div>\n<div class=\"brz-wrapper-clone brz-css-paldu brz-css-gmnds\">\n<div class=\"brz-d-xs-flex brz-flex-xs-wrap brz-css-cxjax\">\n<div class=\"brz-wrapper-clone__item brz-css-kgkst\" id=\"xgxxorwzhxreouojibbaywxzmrgtjmgmjbdg\"><a class=\"brz-a brz-anchor brz-btn brz-css-btwjj brz-css-wfqls\" href=\"#slltmhfzsifhccdninzsgnwgibwnprobbgqj\" target=\"_self\" rel=\"noopener\" data-brz-link-type=\"anchor\" data-custom-id=\"xgxxorwzhxreouojibbaywxzmrgtjmgmjbdg\"><span class=\"brz-span brz-text__editor\">Quero contratar a gest\u00e3o de redes sociais<\/span><\/a><\/div>\n<\/div>\n<\/div>\n<\/div>\n<\/div>\n<div class=\"brz-columns brz-css-fxgzd brz-css-xihuu\" data-custom-id=\"hchxbgkgmxxrdooxzgtoktoeixybgjmbczqt\">\n<div class=\"brz-bg overflow-hidden !z-auto absolute top-0 left-0 w-full h-full\"><\/div>\n<div class=\"brz-column__items brz-css-qopdu brz-css-nboha\">\n<div class=\"brz-css-bhexe brz-wrapper\">\n<div class=\"brz-image brz-css-ethog\" data-custom-id=\"fycrzodofcugrkssvrnveuqapsrggzzevpin\"><img decoding=\"async\" class=\"brz-img\" src=\"https:\/\/rezendecomunicacao.com.br\/wp-content\/uploads\/2023\/11\/redes-sociais.png\" alt=\"\" loading=\"lazy\"><\/div>\n<\/div>\n<\/div>\n<\/div>\n<\/div>\n<\/div>\n<\/div>\n<\/div>\n<\/section>\n<section data-uid=\"slltmhfzsifhccdninzsgnwgibwnprobbgqj\" id=\"slltmhfzsifhccdninzsgnwgibwnprobbgqj\" class=\"brz-section brz-css-wlsoe\">\n<div class=\"brz-section__content brz-section--boxed brz-css-brqcx brz-css-kaoud\" data-custom-id=\"dblpnttaifuqhrlztxuukzywdrzkaklduixh\">\n<div class=\"brz-bg overflow-hidden !z-auto absolute top-0 left-0 w-full h-full\">\n<div class=\"brz-bg-color absolute top-0 left-0 w-full h-full\"><\/div>\n<\/div>\n<div class=\"brz-container brz-css-pnsei\">\n<div class=\"brz-row__container brz-css-kgtqx\" data-custom-id=\"tsjilborotryklqfmfyvctwxumdukbxheejg\">\n<div class=\"brz-bg overflow-hidden !z-auto absolute top-0 left-0 w-full h-full\"><\/div>\n<div class=\"brz-row brz-css-uaiwp brz-css-amkrm\">\n<div class=\"brz-columns brz-css-fxgzd brz-css-dvkwj\" data-custom-id=\"kjsnujnptnqmufrttkyqczsuyylcydumycim\">\n<div class=\"brz-bg overflow-hidden !z-auto absolute top-0 left-0 w-full h-full\"><\/div>\n<div class=\"brz-column__items brz-css-qopdu brz-css-turjz\">\n<div class=\"brz-css-bhexe brz-css-xowzw brz-wrapper\">\n<div class=\"brz-image brz-css-tncbr brz-css-bjykd\" data-custom-id=\"lishyxtmiddubpwcfhhkmjfvtnnbabdvchah\"><img decoding=\"async\" class=\"brz-img\" src=\"https:\/\/rezendecomunicacao.com.br\/wp-content\/uploads\/brizy\/imgs\/e3eab2fd52fc88919cadb62de543c468-928x619x231x0x466x619x1699532116.jpg\" alt=\"\" loading=\"lazy\"><\/div>\n<\/div>\n<\/div>\n<\/div>\n<div class=\"brz-columns brz-css-fxgzd\" data-custom-id=\"syxmgvpbglwjhpgrsliawjarbjwcbhojoyjf\">\n<div class=\"brz-bg overflow-hidden !z-auto absolute top-0 left-0 w-full h-full\"><\/div>\n<div class=\"brz-column__items brz-css-qopdu brz-css-shiza\">\n<div class=\"brz-css-bhexe brz-css-igsfn brz-wrapper\">\n<div class=\"brz-spacer brz-css-dwpug brz-css-wwqsp\"><\/div>\n<\/div>\n<div class=\"brz-css-bhexe brz-wrapper\">\n<div class=\"brz-rich-text brz-rich-text__custom brz-css-fkikj\" data-custom-id=\"jcvdunxxgtiosmriwdckuyzgdcsdkbrynkzc\">\n<div>\n<p class=\"brz-text-xs-center brz-lh-lg-1_2 brz-ls-lg-0_5 brz-fw-lg-400 brz-fss-lg-px brz-fs-lg-50 brz-ft-google brz-ff-fira_sans brz-tp-lg-empty brz-bcp-color2 brz-text-lg-left brz-css-lkqrn\" data-generated-css=\"brz-css-ykryg\" data-uniq-id=\"bnbtv\"><strong>Entre em contato, fa\u00e7a um or\u00e7amento<\/strong><\/p>\n<\/div>\n<\/div>\n<\/div>\n<div class=\"brz-css-bhexe brz-css-igsfn brz-css-pafiy brz-wrapper\">\n<div class=\"brz-spacer brz-css-dwpug brz-css-clyqa\"><\/div>\n<\/div>\n<div class=\"brz-css-bhexe brz-wrapper\">\n<div data-form-version=\"2\" class=\"brz-forms2 brz-css-ogtxp brz-css-gpwrf\" data-custom-id=\"giptnqidvcvghvtpoflixngpwdraseiznumc\">\n<div class=\"brz-forms2__item brz-css-zabhp brz-css-ogmej brz-css-tfilg\"><\/div>\n<div class=\"brz-forms2__item brz-css-zabhp brz-css-ogmej brz-css-tfilg\"><\/div>\n<div class=\"brz-forms2__item brz-css-zabhp brz-css-ogmej brz-css-tfilg brz-css-grxxn\"><textarea id=\"nneaqjspgjrsebyxshcnzmowxkrwnvuabbgi\" name=\"dqgcaahneqaegnpytdfkjerhmbhifckjpahi\" data-type=\"Paragraph\" data-label=\"Mensagem\" data-placeholder=\"Mensagem\" class=\"brz-textarea brz-forms2__field brz-forms2__field-paragraph\"><\/textarea><\/div>\n<div class=\"brz-forms2 brz-forms2__item brz-forms2__item-button\" data-custom-id=\"giptnqidvcvghvtpoflixngpwdraseiznumc\"><button class=\"brz-btn brz-btn-submit brz-css-btwjj brz-css-vouxi\" data-custom-id=\"gagvplohdlzooahiztyfzjwogmpuseeetccn\"><span class=\"brz-span brz-text__editor\">Enviar Email<\/span><\/button>    !function(){function t(t){this.element=t,this.animationId,this.start=null,this.init()}if(!window.requestAnimationFrame){var i=null;window.requestAnimationFrame=function(t,n){var e=(new Date).getTime();i||(i=e);var a=Math.max(0,16-(e-i)),o=window.setTimeout(function(){t(e+a)},a);return i=e+a,o}}t.prototype.init=function(){var t=this;this.animationId=window.requestAnimationFrame(t.triggerAnimation.bind(t))},t.prototype.reset=function(){var t=this;window.cancelAnimationFrame(t.animationId)},t.prototype.triggerAnimation=function(t){var i=this;this.start||(this.start=t);var n=t-this.start;504&gt;n||(this.start=this.start+504),this.element.setAttribute(&#8220;transform&#8221;,&#8221;rotate(&#8220;+Math.min(n\/1.4,360)+&#8221; 12 12)&#8221;);if(document.documentElement.contains(this.element))window.requestAnimationFrame(i.triggerAnimation.bind(i))};var n=document.getElementsByClassName(&#8220;nc-loop_circle-02-24&#8221;),e=[];if(n)for(var a=0;n.length&gt;a;a++)!function(i){e.push(new t(n[i]))}(a);document.addEventListener(&#8220;visibilitychange&#8221;,function(){&#8220;hidden&#8221;==document.visibilityState?e.forEach(function(t){t.reset()}):e.forEach(function(t){t.init()})})}();<\/div>\n<\/div>\n<\/div>\n<\/div>\n<\/div>\n<\/div>\n<\/div>\n<\/div>\n<\/div>\n<\/section>\n<section data-uid=\"asrecusewrnmzvvtubwafgmllisqavuoxjzc\" id=\"asrecusewrnmzvvtubwafgmllisqavuoxjzc\" class=\"brz-section brz-css-wlsoe\">\n<div class=\"brz-section__content brz-section--boxed brz-css-brqcx brz-css-sxnyx\" data-custom-id=\"bjovmfovpmqqlvdfwlfffbvbibycjozqhafj\">\n<div class=\"brz-bg overflow-hidden !z-auto absolute top-0 left-0 w-full h-full\">\n<div class=\"brz-bg-image absolute left-0 w-full bg-no-repeat top-0 h-full bg-cover\"><\/div>\n<div class=\"brz-bg-color absolute top-0 left-0 w-full h-full\"><\/div>\n<\/div>\n<div class=\"brz-container brz-css-pnsei\">\n<div class=\"brz-row__container brz-css-kgtqx\" data-custom-id=\"jjtkgtkihndoydygrvjagloysqfljkhmegyb\">\n<div class=\"brz-bg overflow-hidden !z-auto absolute top-0 left-0 w-full h-full\"><\/div>\n<div class=\"brz-row brz-css-uaiwp brz-css-amkrm\">\n<div class=\"brz-columns brz-css-fxgzd brz-css-uapus\" data-custom-id=\"hpjebsqulbbtnxylwgvkeorxzxigzkwldybo\">\n<div class=\"brz-bg overflow-hidden !z-auto absolute top-0 left-0 w-full h-full\"><\/div>\n<div class=\"brz-column__items brz-css-qopdu brz-css-xgiwu\">\n<div class=\"brz-css-bhexe brz-css-taquc brz-wrapper\">\n<div class=\"brz-image brz-css-ptxno\" data-custom-id=\"zzvvaadxzaajijoxsjuxqdjyjgxmhfmwpwmp\"><img decoding=\"async\" class=\"brz-img\" src=\"https:\/\/rezendecomunicacao.com.br\/wp-content\/uploads\/brizy\/imgs\/portfolio_rezende_comunicacao_2023-1-167x52x0x0x167x52x1697649191.png\" alt=\"\" loading=\"lazy\"><\/div>\n<\/div>\n<div class=\"brz-css-bhexe brz-css-igsfn brz-wrapper\">\n<div class=\"brz-spacer brz-css-dwpug brz-css-ehdqz\"><\/div>\n<\/div>\n<div class=\"brz-css-bhexe brz-css-ugjwk brz-wrapper\">\n<div class=\"brz-rich-text brz-rich-text__custom brz-css-fkikj\" data-custom-id=\"uepxhmfhhxbnhgsmfuwpunvdyyjtkfqbjtmi\">\n<div>\n<p class=\"brz-tp-sm-paragraph brz-tp-xs-paragraph brz-tp-lg-subtitle brz-text-xs-center brz-css-reqqo\" data-generated-css=\"brz-css-ftttc\" data-uniq-id=\"hrhag\"><span>H\u00e1 duas d\u00e9cadas no mercado, trazendo solu\u00e7\u00f5es inovadoras no ramo do marketing, ajudando nossos clientes a darem visibilidade as suas marcas.<\/span><\/p>\n<\/div>\n<\/div>\n<\/div>\n<\/div>\n<\/div>\n<div class=\"brz-columns brz-css-fxgzd\" data-custom-id=\"csbumzrcylvqbpuxfuzfkqrobvimynldoaws\">\n<div class=\"brz-bg overflow-hidden !z-auto absolute top-0 left-0 w-full h-full\"><\/div>\n<div class=\"brz-column__items brz-css-qopdu\">\n<div class=\"brz-css-bhexe brz-wrapper\">\n<div class=\"brz-rich-text brz-rich-text__custom brz-css-fkikj\" data-custom-id=\"gqzmrumkenxjudiivkdzbatpgpxrcttstswp\">\n<div>\n<p class=\"brz-tp-xs-paragraph brz-tp-sm-paragraph brz-tp-lg-heading6 brz-text-xs-center brz-css-ahenj\" data-uniq-id=\"vrqcs\" data-generated-css=\"brz-css-msmhj\"><span class=\"brz-cp-color8\">CONTATO<\/span><\/p>\n<\/div>\n<\/div>\n<\/div>\n<div class=\"brz-css-bhexe brz-css-igsfn brz-css-xswcq brz-wrapper\">\n<div class=\"brz-spacer brz-css-dwpug brz-css-twsgs\"><\/div>\n<\/div>\n<div class=\"brz-css-bhexe brz-wrapper\">\n<div class=\"brz-rich-text brz-rich-text__custom brz-css-fkikj\" data-custom-id=\"xmfstfctdcniopmjsphkgcmqzdviupykhnrj\">\n<div>\n<p class=\"brz-text-xs-center brz-tp-lg-subtitle brz-tp-xs-paragraph brz-tp-sm-paragraph brz-css-zeena\" data-generated-css=\"brz-css-tsanp\" data-uniq-id=\"aovxm\"><span>Rua Comendador Jos\u00e9 Garcia, 1072, Centro &#8211; Pouso Alegre\/MG<\/span><\/p>\n<\/div>\n<\/div>\n<\/div>\n<div class=\"brz-css-bhexe brz-wrapper\">\n<div class=\"brz-rich-text brz-rich-text__custom brz-css-fkikj\" data-custom-id=\"kekwzwhstrheybotrmnnoaytxvthupqmeuzg\">\n<div>\n<p class=\"brz-text-xs-center brz-tp-lg-subtitle brz-tp-xs-paragraph brz-tp-sm-paragraph brz-css-nhqsw\" data-uniq-id=\"cvxze\" data-generated-css=\"brz-css-otoem\"><span>Telefone: (35) 3421-0317 \/ Whatsapp: (35) 99746-4311<\/span><\/p>\n<p class=\"brz-text-xs-center brz-tp-lg-subtitle brz-tp-xs-paragraph brz-tp-sm-paragraph brz-css-gbplc\" data-uniq-id=\"bquyz\" data-generated-css=\"brz-css-qxlcv\"><span>Email: contato<\/span><span class=\"brz-pre-population-visible\">@rezendecomunicacao.com.br<\/span><\/p>\n<\/div>\n<\/div>\n<\/div>\n<\/div>\n<\/div>\n<\/div>\n<\/div>\n<div class=\"brz-css-bhexe brz-css-etutz brz-wrapper\">\n<div class=\"brz-line brz-line-default brz-css-vkjkd brz-css-afbmq\" data-custom-id=\"pzshqiwlnmuxbjwlveybsqrjyqgqnpljtfea\">\n<hr class=\"brz-hr\"><\/div>\n<\/div>\n<div class=\"brz-css-bhexe brz-wrapper\">\n<div class=\"brz-rich-text brz-rich-text__custom brz-css-fkikj\" data-custom-id=\"ivknkuzwfhknzschxaftjmauzonsistodpdg\">\n<div>\n<p class=\"brz-tp-xs-paragraph brz-tp-sm-paragraph brz-tp-lg-subtitle brz-text-lg-center brz-text-xs-center brz-css-tgstg\" data-uniq-id=\"qkfkr\" data-generated-css=\"brz-css-qofjx\"><span>\u00a9 COPYRIGHT 2023, ALL RIGHTS RESERVED<\/span><\/p>\n<\/div>\n<\/div>\n<\/div>\n<\/div>\n<\/div>\n<\/section>\n<\/div>\n<p>    <!-- version:1736322211 --><\/p>\n","protected":false},"excerpt":{"rendered":"<p>Quem Somos Solicitar Or\u00e7amento Esteja onde os seus clientes est\u00e3o: nas redes sociais Quero contratar a gest\u00e3o de redes sociais S\u00e3o nossos clientes: Alcance o p\u00fablico certo nas redes sociais Nos dias de hoje, \u00e9 essencial ampliar a presen\u00e7a digital nas redes sociais, tendo em vista que \u00e9 onde potenciais clientes passam boa parte de [&hellip;]<\/p>\n","protected":false},"author":1,"featured_media":0,"parent":0,"menu_order":0,"comment_status":"closed","ping_status":"closed","template":"brizy-blank-template.php","meta":{"footnotes":""},"blocksy_meta":"","jetpack_sharing_enabled":true,"_links":{"self":[{"href":"https:\/\/rezendecomunicacao.com.br\/index.php\/wp-json\/wp\/v2\/pages\/1648"}],"collection":[{"href":"https:\/\/rezendecomunicacao.com.br\/index.php\/wp-json\/wp\/v2\/pages"}],"about":[{"href":"https:\/\/rezendecomunicacao.com.br\/index.php\/wp-json\/wp\/v2\/types\/page"}],"author":[{"embeddable":true,"href":"https:\/\/rezendecomunicacao.com.br\/index.php\/wp-json\/wp\/v2\/users\/1"}],"replies":[{"embeddable":true,"href":"https:\/\/rezendecomunicacao.com.br\/index.php\/wp-json\/wp\/v2\/comments?post=1648"}],"version-history":[{"count":16,"href":"https:\/\/rezendecomunicacao.com.br\/index.php\/wp-json\/wp\/v2\/pages\/1648\/revisions"}],"predecessor-version":[{"id":2855,"href":"https:\/\/rezendecomunicacao.com.br\/index.php\/wp-json\/wp\/v2\/pages\/1648\/revisions\/2855"}],"wp:attachment":[{"href":"https:\/\/rezendecomunicacao.com.br\/index.php\/wp-json\/wp\/v2\/media?parent=1648"}],"curies":[{"name":"wp","href":"https:\/\/api.w.org\/{rel}","templated":true}]}}